{"id":47,"date":"2019-07-27T18:43:01","date_gmt":"2019-07-27T18:43:01","guid":{"rendered":"http:\/\/your-360.de\/?page_id=47"},"modified":"2019-07-27T18:43:02","modified_gmt":"2019-07-27T18:43:02","slug":"datenschutzerklaerung","status":"publish","type":"page","link":"https:\/\/your-360.de\/?page_id=47","title":{"rendered":"Datenschutzerkl\u00e4rung"},"content":{"rendered":"\n<p>Soweit\nnachstehend keine anderen Angaben gemacht werden, ist die\nBereitstellung Ihrer personenbezogenen Daten weder gesetzlich oder\nvertraglich vorgeschrieben, noch f\u00fcr einen Vertragsabschluss\nerforderlich. Sie sind zur Bereitstellung der Daten nicht\nverpflichtet. Eine Nichtbereitstellung hat keine Folgen. Dies gilt\nnur soweit bei den nachfolgenden Verarbeitungsvorg\u00e4ngen keine\nanderweitige Angabe gemacht wird.<br>\u201cPersonenbezogene Daten\u201d\nsind alle Informationen, die sich auf eine identifizierte oder\nidentifizierbare nat\u00fcrliche Person beziehen.<\/p>\n\n\n\n<p><strong>Server-Logfiles<\/strong><br>Sie\nk\u00f6nnen unsere Webseiten besuchen, ohne Angaben zu Ihrer Person zu\nmachen. Es werden bei jedem Zugriff auf unsere Website Nutzungsdaten\ndurch Ihren Internetbrowser \u00fcbermittelt und in Protokolldaten\n(Server-Logfiles) gespeichert. Zu diesen gespeicherten Daten geh\u00f6ren\nz.B. Name der aufgerufenen Seite, Datum und Uhrzeit des Abrufs,\n\u00fcbertragene Datenmenge und der anfragende Provider. Diese Daten\ndienen ausschlie\u00dflich der Gew\u00e4hrleistung eines st\u00f6rungsfreien\nBetriebs unserer Website und zur Verbesserung unseres Angebotes. Eine\nZuordnung dieser Daten zu einer bestimmten Person ist nicht m\u00f6glich.<\/p>\n\n\n\n<p><strong>Erhebung\nund Verarbeitung bei Nutzung des Kontaktformulars&nbsp;<\/strong><br>Bei\nder Nutzung des Kontaktformulars erheben wir Ihre personenbezogenen\nDaten (Name, E-Mail-Adresse, Nachrichtentext) nur in dem von Ihnen\nzur Verf\u00fcgung gestellten Umfang. Die Datenverarbeitung dient dem\nZweck der Kontaktaufnahme. Mit Absenden Ihrer Nachricht willigen Sie\nin die Verarbeitung der \u00fcbermittelten Daten ein. Die Verarbeitung\nerfolgt auf Grundlage des Art. 6 (1) lit. a DSGVO mit Ihrer\nEinwilligung.<br>Sie k\u00f6nnen Ihre Einwilligung jederzeit durch\nMitteilung an uns widerrufen, ohne dass die Rechtm\u00e4\u00dfigkeit der\naufgrund der Einwilligung bis zum Widerruf erfolgten Verarbeitung\nber\u00fchrt wird. Ihre E-Mail-Adresse nutzen wir nur zur Bearbeitung\nIhrer Anfrage. Ihre Daten werden anschlie\u00dfend gel\u00f6scht, sofern Sie\nder weitergehenden Verarbeitung und Nutzung nicht zugestimmt haben.<\/p>\n\n\n\n<p><strong>Kundenkonto<\/strong><br>Bei\nder Er\u00f6ffnung eines Kundenkontos erheben wir Ihre personenbezogenen\nDaten in dem dort angegeben Umfang. Die Datenverarbeitung dient dem\nZweck, Ihr Einkaufserlebnis zu verbessern und die Bestellabwicklung\nzu vereinfachen. Die Verarbeitung erfolgt auf Grundlage des Art. 6\n(1) lit. a DSGVO mit Ihrer Einwilligung. Sie k\u00f6nnen Ihre\nEinwilligung jederzeit durch Mitteilung an uns widerrufen, ohne dass\ndie Rechtm\u00e4\u00dfigkeit der aufgrund der Einwilligung bis zum Widerruf\nerfolgten Verarbeitung ber\u00fchrt wird. Ihr Kundenkonto wird\nanschlie\u00dfend gel\u00f6scht.<\/p>\n\n\n\n<p><strong>Erhebung,\nVerarbeitung und Nutzung personenbezogener Daten bei\nBestellungen&nbsp;<\/strong><br>Bei\nder Bestellung erheben und verwenden wir Ihre personenbezogenen Daten\nnur, soweit dies zur Erf\u00fcllung und Abwicklung Ihrer Bestellung sowie\nzur Bearbeitung Ihrer Anfragen erforderlich ist. Die Bereitstellung\nder Daten ist f\u00fcr den Vertragsschluss erforderlich. Eine\nNichtbereitstellung hat zur Folge, dass kein Vertrag geschlossen\nwerden kann. Die Verarbeitung erfolgt auf Grundlage des Art. 6 (1)\nlit. b DSGVO und ist f\u00fcr die Erf\u00fcllung eines Vertrags mit Ihnen\nerforderlich. Eine Weitergabe Ihrer Daten an Dritte ohne Ihre\nausdr\u00fcckliche Einwilligung erfolgt nicht. Ausgenommen hiervon sind\nlediglich unsere Dienstleistungspartner, die wir zur Abwicklung des\nVertragsverh\u00e4ltnisses ben\u00f6tigen oder Dienstleister derer wir uns im\nRahmen einer Auftragsverarbeitung bedienen. Neben den in den\njeweiligen Klauseln dieser Datenschutzerkl\u00e4rung benannten Empf\u00e4ngern\nsind dies beispielsweise Empf\u00e4nger folgender Kategorien:\nVersanddienstleister, Zahlungsdienstleister,\nWarenwirtschaftsdienstleister, Diensteanbieter f\u00fcr die\nBestellabwicklung, Webhoster, IT-Dienstleister und Dropshipping\nH\u00e4ndler. In allen F\u00e4llen beachten wir strikt die gesetzlichen\nVorgaben. Der Umfang der Daten\u00fcbermittlung beschr\u00e4nkt sich auf ein\nMindestma\u00df.<\/p>\n\n\n\n<p><strong>Verwendung\nvon PayPal<\/strong><br>Alle\nPayPal-Transaktionen unterliegen der PayPal-Datenschutzerkl\u00e4rung.\nDiese finden Sie\nunter&nbsp;<a href=\"https:\/\/www.paypal.com\/de\/webapps\/mpp\/ua\/privacy-prev?locale.x=de_DE\" target=\"_blank\" rel=\"noreferrer noopener\">https:\/\/www.paypal.com\/de\/webapps\/mpp\/ua\/privacy-prev?locale.x=de_DE<\/a><\/p>\n\n\n\n<p><strong>Dauer\nder Speicherung<\/strong><br>Nach\nvollst\u00e4ndiger Vertragsabwicklung werden die Daten zun\u00e4chst f\u00fcr die\nDauer der Gew\u00e4hrleistungsfrist, danach unter Ber\u00fccksichtigung\ngesetzlicher, insbesondere steuer- und handelsrechtlicher\nAufbewahrungsfristen gespeichert und dann nach Fristablauf gel\u00f6scht,\nsofern Sie der weitergehenden Verarbeitung und Nutzung nicht\nzugestimmt haben.<\/p>\n\n\n\n<p><strong>Rechte\nder betroffenen Person<\/strong><br>Ihnen\nstehen bei Vorliegen der gesetzlichen Voraussetzungen folgende Rechte\nnach Art. 15 bis 20 DSGVO zu: Recht auf Auskunft, auf Berichtigung,\nauf L\u00f6schung, auf Einschr\u00e4nkung der Verarbeitung, auf\nDaten\u00fcbertragbarkeit.<br>Au\u00dferdem steht Ihnen nach Art. 21 (1)\nDSGVO ein Widerspruchsrecht gegen die Verarbeitungen zu, die auf Art.\n6 (1) f DSGVO beruhen, sowie gegen die Verarbeitung zum Zwecke von\nDirektwerbung.<\/p>\n\n\n\n<p>Kontaktieren\nSie uns auf Wunsch. Die Kontaktdaten finden Sie in unserem Impressum.<\/p>\n\n\n\n<p><strong>Beschwerderecht\nbei der Aufsichtsbeh\u00f6rde<\/strong><br>Sie\nhaben gem\u00e4\u00df Art. 77 DSGVO das Recht, sich bei der Aufsichtsbeh\u00f6rde\nzu beschweren, wenn Sie der Ansicht sind, dass die Verarbeitung Ihrer\npersonenbezogenen Daten nicht rechtm\u00e4\u00dfig erfolgt.<\/p>\n\n\n\n<p>letzte\nAktualisierung: 25.04.2018<\/p>\n\n\n\n<p>Version:1.0 StartHTML:0000000168 EndHTML:0000007954 StartFragment:0000000497 EndFragment:0000007937 <\/p>\n\n\n\n<p><strong>Datenschutzerkl\u00e4rung<\/strong><\/p>\n\n\n\n<p>Soweit\nnachstehend keine anderen Angaben gemacht werden, ist die\nBereitstellung Ihrer personenbezogenen Daten weder gesetzlich oder\nvertraglich vorgeschrieben, noch f\u00fcr einen Vertragsabschluss\nerforderlich. Sie sind zur Bereitstellung der Daten nicht\nverpflichtet. Eine Nichtbereitstellung hat keine Folgen. Dies gilt\nnur soweit bei den nachfolgenden Verarbeitungsvorg\u00e4ngen keine\nanderweitige Angabe gemacht wird.<br>\u201cPersonenbezogene Daten\u201d\nsind alle Informationen, die sich auf eine identifizierte oder\nidentifizierbare nat\u00fcrliche Person beziehen.<\/p>\n\n\n\n<p><strong>Server-Logfiles<\/strong><br>Sie\nk\u00f6nnen unsere Webseiten besuchen, ohne Angaben zu Ihrer Person zu\nmachen. Es werden bei jedem Zugriff auf unsere Website Nutzungsdaten\ndurch Ihren Internetbrowser \u00fcbermittelt und in Protokolldaten\n(Server-Logfiles) gespeichert. Zu diesen gespeicherten Daten geh\u00f6ren\nz.B. Name der aufgerufenen Seite, Datum und Uhrzeit des Abrufs,\n\u00fcbertragene Datenmenge und der anfragende Provider. Diese Daten\ndienen ausschlie\u00dflich der Gew\u00e4hrleistung eines st\u00f6rungsfreien\nBetriebs unserer Website und zur Verbesserung unseres Angebotes. Eine\nZuordnung dieser Daten zu einer bestimmten Person ist nicht m\u00f6glich.<\/p>\n\n\n\n<p><strong>Erhebung\nund Verarbeitung bei Nutzung des Kontaktformulars&nbsp;<\/strong><br>Bei\nder Nutzung des Kontaktformulars erheben wir Ihre personenbezogenen\nDaten (Name, E-Mail-Adresse, Nachrichtentext) nur in dem von Ihnen\nzur Verf\u00fcgung gestellten Umfang. Die Datenverarbeitung dient dem\nZweck der Kontaktaufnahme. Mit Absenden Ihrer Nachricht willigen Sie\nin die Verarbeitung der \u00fcbermittelten Daten ein. Die Verarbeitung\nerfolgt auf Grundlage des Art. 6 (1) lit. a DSGVO mit Ihrer\nEinwilligung.<br>Sie k\u00f6nnen Ihre Einwilligung jederzeit durch\nMitteilung an uns widerrufen, ohne dass die Rechtm\u00e4\u00dfigkeit der\naufgrund der Einwilligung bis zum Widerruf erfolgten Verarbeitung\nber\u00fchrt wird. Ihre E-Mail-Adresse nutzen wir nur zur Bearbeitung\nIhrer Anfrage. Ihre Daten werden anschlie\u00dfend gel\u00f6scht, sofern Sie\nder weitergehenden Verarbeitung und Nutzung nicht zugestimmt haben.<\/p>\n\n\n\n<p><strong>Kundenkonto<\/strong><br>Bei\nder Er\u00f6ffnung eines Kundenkontos erheben wir Ihre personenbezogenen\nDaten in dem dort angegeben Umfang. Die Datenverarbeitung dient dem\nZweck, Ihr Einkaufserlebnis zu verbessern und die Bestellabwicklung\nzu vereinfachen. Die Verarbeitung erfolgt auf Grundlage des Art. 6\n(1) lit. a DSGVO mit Ihrer Einwilligung. Sie k\u00f6nnen Ihre\nEinwilligung jederzeit durch Mitteilung an uns widerrufen, ohne dass\ndie Rechtm\u00e4\u00dfigkeit der aufgrund der Einwilligung bis zum Widerruf\nerfolgten Verarbeitung ber\u00fchrt wird. Ihr Kundenkonto wird\nanschlie\u00dfend gel\u00f6scht.<\/p>\n\n\n\n<p><strong>Erhebung,\nVerarbeitung und Nutzung personenbezogener Daten bei\nBestellungen&nbsp;<\/strong><br>Bei\nder Bestellung erheben und verwenden wir Ihre personenbezogenen Daten\nnur, soweit dies zur Erf\u00fcllung und Abwicklung Ihrer Bestellung sowie\nzur Bearbeitung Ihrer Anfragen erforderlich ist. Die Bereitstellung\nder Daten ist f\u00fcr den Vertragsschluss erforderlich. Eine\nNichtbereitstellung hat zur Folge, dass kein Vertrag geschlossen\nwerden kann. Die Verarbeitung erfolgt auf Grundlage des Art. 6 (1)\nlit. b DSGVO und ist f\u00fcr die Erf\u00fcllung eines Vertrags mit Ihnen\nerforderlich. Eine Weitergabe Ihrer Daten an Dritte ohne Ihre\nausdr\u00fcckliche Einwilligung erfolgt nicht. Ausgenommen hiervon sind\nlediglich unsere Dienstleistungspartner, die wir zur Abwicklung des\nVertragsverh\u00e4ltnisses ben\u00f6tigen oder Dienstleister derer wir uns im\nRahmen einer Auftragsverarbeitung bedienen. Neben den in den\njeweiligen Klauseln dieser Datenschutzerkl\u00e4rung benannten Empf\u00e4ngern\nsind dies beispielsweise Empf\u00e4nger folgender Kategorien:\nVersanddienstleister, Zahlungsdienstleister,\nWarenwirtschaftsdienstleister, Diensteanbieter f\u00fcr die\nBestellabwicklung, Webhoster, IT-Dienstleister und Dropshipping\nH\u00e4ndler. In allen F\u00e4llen beachten wir strikt die gesetzlichen\nVorgaben. Der Umfang der Daten\u00fcbermittlung beschr\u00e4nkt sich auf ein\nMindestma\u00df.<\/p>\n\n\n\n<p><strong>Verwendung\nvon PayPal<\/strong><br>Alle\nPayPal-Transaktionen unterliegen der PayPal-Datenschutzerkl\u00e4rung.\nDiese finden Sie\nunter&nbsp;<a href=\"https:\/\/www.paypal.com\/de\/webapps\/mpp\/ua\/privacy-prev?locale.x=de_DE\" target=\"_blank\" rel=\"noreferrer noopener\">https:\/\/www.paypal.com\/de\/webapps\/mpp\/ua\/privacy-prev?locale.x=de_DE<\/a><\/p>\n\n\n\n<p><strong>Dauer\nder Speicherung<\/strong><br>Nach\nvollst\u00e4ndiger Vertragsabwicklung werden die Daten zun\u00e4chst f\u00fcr die\nDauer der Gew\u00e4hrleistungsfrist, danach unter Ber\u00fccksichtigung\ngesetzlicher, insbesondere steuer- und handelsrechtlicher\nAufbewahrungsfristen gespeichert und dann nach Fristablauf gel\u00f6scht,\nsofern Sie der weitergehenden Verarbeitung und Nutzung nicht\nzugestimmt haben.<\/p>\n\n\n\n<p><strong>Rechte\nder betroffenen Person<\/strong><br>Ihnen\nstehen bei Vorliegen der gesetzlichen Voraussetzungen folgende Rechte\nnach Art. 15 bis 20 DSGVO zu: Recht auf Auskunft, auf Berichtigung,\nauf L\u00f6schung, auf Einschr\u00e4nkung der Verarbeitung, auf\nDaten\u00fcbertragbarkeit.<br>Au\u00dferdem steht Ihnen nach Art. 21 (1)\nDSGVO ein Widerspruchsrecht gegen die Verarbeitungen zu, die auf Art.\n6 (1) f DSGVO beruhen, sowie gegen die Verarbeitung zum Zwecke von\nDirektwerbung.<\/p>\n\n\n\n<p>Kontaktieren\nSie uns auf Wunsch. Die Kontaktdaten finden Sie in unserem Impressum.<\/p>\n\n\n\n<p><strong>Beschwerderecht\nbei der Aufsichtsbeh\u00f6rde<\/strong><br>Sie\nhaben gem\u00e4\u00df Art. 77 DSGVO das Recht, sich bei der Aufsichtsbeh\u00f6rde\nzu beschweren, wenn Sie der Ansicht sind, dass die Verarbeitung Ihrer\npersonenbezogenen Daten nicht rechtm\u00e4\u00dfig erfolgt.<\/p>\n\n\n\n<p>letzte\nAktualisierung: 25.04.2018<\/p>\n","protected":false},"excerpt":{"rendered":"<p>Soweit nachstehend keine anderen Angaben gemacht werden, ist die Bereitstellung Ihrer personenbezogenen Daten weder gesetzlich oder vertraglich vorgeschrieben, noch f\u00fcr einen Vertragsabschluss erforderlich. Sie sind zur Bereitstellung der Daten nicht verpflichtet. Eine Nichtbereitstellung hat keine Folgen. Dies gilt nur soweit bei den nachfolgenden Verarbeitungsvorg\u00e4ngen keine anderweitige Angabe gemacht wird.\u201cPersonenbezogene Daten\u201d sind alle Informationen, die sich [&hellip;]<\/p>\n","protected":false},"author":1,"featured_media":0,"parent":0,"menu_order":0,"comment_status":"closed","ping_status":"closed","template":"","meta":{"footnotes":""},"class_list":["post-47","page","type-page","status-publish","hentry"],"_links":{"self":[{"href":"https:\/\/your-360.de\/index.php?rest_route=\/wp\/v2\/pages\/47","targetHints":{"allow":["GET"]}}],"collection":[{"href":"https:\/\/your-360.de\/index.php?rest_route=\/wp\/v2\/pages"}],"about":[{"href":"https:\/\/your-360.de\/index.php?rest_route=\/wp\/v2\/types\/page"}],"author":[{"embeddable":true,"href":"https:\/\/your-360.de\/index.php?rest_route=\/wp\/v2\/users\/1"}],"replies":[{"embeddable":true,"href":"https:\/\/your-360.de\/index.php?rest_route=%2Fwp%2Fv2%2Fcomments&post=47"}],"version-history":[{"count":1,"href":"https:\/\/your-360.de\/index.php?rest_route=\/wp\/v2\/pages\/47\/revisions"}],"predecessor-version":[{"id":48,"href":"https:\/\/your-360.de\/index.php?rest_route=\/wp\/v2\/pages\/47\/revisions\/48"}],"wp:attachment":[{"href":"https:\/\/your-360.de\/index.php?rest_route=%2Fwp%2Fv2%2Fmedia&parent=47"}],"curies":[{"name":"wp","href":"https:\/\/api.w.org\/{rel}","templated":true}]}}